{"id":114,"date":"2017-07-04T12:45:04","date_gmt":"2017-07-04T12:45:04","guid":{"rendered":"http:\/\/oupic.cz\/?page_id=114"},"modified":"2025-09-08T11:37:20","modified_gmt":"2025-09-08T11:37:20","slug":"motto","status":"publish","type":"page","link":"https:\/\/oupic.cz\/","title":{"rendered":"MOTTO"},"content":{"rendered":"<p>Jsme mal\u00e1 firma co se zaob\u00edr\u00e1 kovov\u00fdrobou kter\u00e1 je tu s V\u00e1mi ji\u017e od roku 1993 zvl\u00e1d\u00e1me \u0161irok\u00fd z\u00e1b\u011br prov\u00e1d\u011bn\u00fdch prac\u00ed. V na\u0161\u00ed pln\u011b vybaven\u00e9 z\u00e1me\u010dnick\u00e9 d\u00edln\u011b V\u00e1m oprav\u00edme v\u00fdrob\u00edme nebo provedeme mont\u00e1\u017e plot\u016f, bran, vrat, vchodov\u00fdch vr\u00e1tek \u010di zahradn\u00edch gril\u016f r\u016fzn\u00fdch konstrukc\u00ed i dle v\u00fdkresov\u00e9 dokumentace.<br \/>\nD\u00e1le prov\u00e1d\u00edme opravy kovov\u00fdch vrat z\u00e1bradl\u00ed a jin\u00fdch sou\u010d\u00e1st\u00ed nebo statick\u00e9 zaji\u0161t\u011bn\u00ed budov ocelov\u00edmi t\u00e1hly dle p\u0159edpisu statika.<br \/>\nSamoz\u0159ejmost\u00ed je zaji\u0161t\u011bn\u00ed povrchov\u00e9 \u00fapravy \u017e\u00e1rov\u00fdm ,galvanick\u00fdm zinkem v Zinkovn\u011b Rodnici nad Labem, pop\u0159\u00edpad\u011b o\u0161et\u0159en\u00ed ocelov\u00fdch sou\u010d\u00e1st\u00ed komaxitem (vypalovac\u00ed pr\u00e1\u0161kov\u00e1 barva) ve firm\u011b Aqua s.r.o.<br \/>\nNebo po dohod\u011b t\u00e9m\u011b\u0159 jakoukoliv vrchn\u00ed barvou dle po\u017eadavku.<\/p>\n<p>Pokud m\u00e1te z\u00e1jem a chcete zcela nez\u00e1vazn\u011b zn\u00e1t p\u0159edb\u011b\u017enou cenu va\u0161i zak\u00e1zky, napi\u0161te n\u00e1m na e-mail nebo zavolejte sv\u00e9 po\u017eadavky. Obra\u0165te se na n\u00e1s s v\u00e1\u0161\u00edm po\u017eadavkem r\u00e1di V\u00e1m porad\u00edme a budeme se t\u011b\u0161it na spolupr\u00e1ci s V\u00e1mi.<\/p>\n","protected":false},"excerpt":{"rendered":"<p>Jsme mal\u00e1 firma co se zaob\u00edr\u00e1 kovov\u00fdrobou kter\u00e1 je tu s V\u00e1mi ji\u017e od roku 1993 zvl\u00e1d\u00e1me \u0161irok\u00fd z\u00e1b\u011br prov\u00e1d\u011bn\u00fdch prac\u00ed. V na\u0161\u00ed pln\u011b vybaven\u00e9 z\u00e1me\u010dnick\u00e9 d\u00edln\u011b V\u00e1m oprav\u00edme v\u00fdrob\u00edme nebo provedeme mont\u00e1\u017e plot\u016f, bran, vrat, vchodov\u00fdch vr\u00e1tek \u010di zahradn\u00edch gril\u016f r\u016fzn\u00fdch konstrukc\u00ed i dle v\u00fdkresov\u00e9 dokumentace. D\u00e1le prov\u00e1d\u00edme opravy kovov\u00fdch vrat z\u00e1bradl\u00ed a jin\u00fdch<a class=\"moretag\" href=\"https:\/\/oupic.cz\/\"><span class=\"screen-reader-text\">P\u0159e\u010dt\u011bte si v\u00edce o MOTTO<\/span>[&#8230;]<\/a><\/p>\n","protected":false},"author":2,"featured_media":0,"parent":0,"menu_order":0,"comment_status":"closed","ping_status":"closed","template":"","meta":[],"_links":{"self":[{"href":"https:\/\/oupic.cz\/index.php?rest_route=\/wp\/v2\/pages\/114"}],"collection":[{"href":"https:\/\/oupic.cz\/index.php?rest_route=\/wp\/v2\/pages"}],"about":[{"href":"https:\/\/oupic.cz\/index.php?rest_route=\/wp\/v2\/types\/page"}],"author":[{"embeddable":true,"href":"https:\/\/oupic.cz\/index.php?rest_route=\/wp\/v2\/users\/2"}],"replies":[{"embeddable":true,"href":"https:\/\/oupic.cz\/index.php?rest_route=%2Fwp%2Fv2%2Fcomments&post=114"}],"version-history":[{"count":2,"href":"https:\/\/oupic.cz\/index.php?rest_route=\/wp\/v2\/pages\/114\/revisions"}],"predecessor-version":[{"id":496,"href":"https:\/\/oupic.cz\/index.php?rest_route=\/wp\/v2\/pages\/114\/revisions\/496"}],"wp:attachment":[{"href":"https:\/\/oupic.cz\/index.php?rest_route=%2Fwp%2Fv2%2Fmedia&parent=114"}],"curies":[{"name":"wp","href":"https:\/\/api.w.org\/{rel}","templated":true}]}}